{"id":995,"date":"2022-07-06T11:10:49","date_gmt":"2022-07-06T09:10:49","guid":{"rendered":"https:\/\/dm-service.at\/?page_id=995"},"modified":"2022-07-06T11:24:16","modified_gmt":"2022-07-06T09:24:16","slug":"imprint","status":"publish","type":"page","link":"https:\/\/dm-service.at\/de\/imprint\/","title":{"rendered":"Impressum"},"content":{"rendered":"<div data-elementor-type=\"wp-page\" data-elementor-id=\"995\" class=\"elementor elementor-995\">\n\t\t\t\t\t\t\t\t\t<section class=\"elementor-section elementor-top-section elementor-element elementor-element-6403dd65 elementor-section-boxed elementor-section-height-default elementor-section-height-default\" data-id=\"6403dd65\" data-element_type=\"section\">\n\t\t\t\t\t\t<div class=\"elementor-container elementor-column-gap-default\">\n\t\t\t\t\t<div class=\"elementor-column elementor-col-100 elementor-top-column elementor-element elementor-element-6f077428\" data-id=\"6f077428\" data-element_type=\"column\">\n\t\t\t<div class=\"elementor-widget-wrap elementor-element-populated\">\n\t\t\t\t\t\t\t\t<div class=\"elementor-element elementor-element-5620ffe5 elementor-widget elementor-widget-text-editor\" data-id=\"5620ffe5\" data-element_type=\"widget\" data-widget_type=\"text-editor.default\">\n\t\t\t\t<div class=\"elementor-widget-container\">\n\t\t\t<style>\/*! elementor - v3.15.0 - 20-08-2023 *\/\n.elementor-widget-text-editor.elementor-drop-cap-view-stacked .elementor-drop-cap{background-color:#69727d;color:#fff}.elementor-widget-text-editor.elementor-drop-cap-view-framed .elementor-drop-cap{color:#69727d;border:3px solid;background-color:transparent}.elementor-widget-text-editor:not(.elementor-drop-cap-view-default) .elementor-drop-cap{margin-top:8px}.elementor-widget-text-editor:not(.elementor-drop-cap-view-default) .elementor-drop-cap-letter{width:1em;height:1em}.elementor-widget-text-editor .elementor-drop-cap{float:left;text-align:center;line-height:1;font-size:50px}.elementor-widget-text-editor .elementor-drop-cap-letter{display:inline-block}<\/style>\t\t\t\t<p><!-- wp:heading --><\/p>\n<h2><b>Impressum<\/b><\/h2>\n<p><span style=\"font-weight: 400;\">Informationspflicht nach \u00a7 5 Abs. 1 E-Commerce-Gesetz und Offenlegung nach \u00a7 25 Mediengesetz.<\/span><\/p>\n<p><span style=\"font-weight: 400;\">Firmenwortlaut Betreiber und Medieninhaber<\/span><\/p>\n<p><span style=\"font-weight: 400;\">DM Service GmbH<\/span><\/p>\n<p><span style=\"font-weight: 400;\">Magersdorf 63,<\/span><\/p>\n<p><span style=\"font-weight: 400;\">9433 St. Andr\u00e4<\/span><\/p>\n<p><span style=\"font-weight: 400;\">\u00d6sterreich<\/span><\/p>\n<p><span style=\"font-weight: 400;\">&nbsp;<\/span><\/p>\n<p><span style=\"font-weight: 400;\">Tel: 04352 30533<\/span><\/p>\n<p><span style=\"font-weight: 400;\">Fax: 04352 30533-4<\/span><\/p>\n<p><span style=\"font-weight: 400;\">Mail: office@\u200bdm-service.at<\/span><\/p>\n<p><span style=\"font-weight: 400;\">Web: www.dm-service.at<\/span><\/p>\n<p><span style=\"font-weight: 400;\">UID-Nummer: ATU64805811<\/span><\/p>\n<p><span style=\"font-weight: 400;\">Firmenbuchnummer: FN 323995 p<\/span><\/p>\n<p><b>&nbsp;<\/b><\/p>\n<p><span style=\"font-weight: 400;\">Wir informieren Interessenten, sowohl als Unternehmen als auch Bewerber, \u00fcber Neuigkeiten im Unternehmen, \u00fcber unser Job-Angebot und \u00fcber das Thema Zeitarbeit und die Firma DM Service GmbH im Allgemeinen.<\/span><\/p>\n<p><b>&nbsp;<\/b><\/p>\n<p><b>Handelnde Personen:<\/b><\/p>\n<p><span style=\"font-weight: 400;\">Gesch\u00e4ftsf\u00fchrer<\/span><\/p>\n<p><span style=\"font-weight: 400;\">Herr Ing. Hofmeister Rainer<\/span><\/p>\n<p><span style=\"font-weight: 400;\">Privatperson<\/span><\/p>\n<p><span style=\"font-weight: 400;\">alleinvertretungsberechtigt<\/span><\/p>\n<p><b>&nbsp;<\/b><\/p>\n<p><span style=\"font-weight: 400;\">Gesch\u00e4ftsf\u00fchrer<\/span><\/p>\n<p><span style=\"font-weight: 400;\">Herr Taferner G\u00fcnther<\/span><\/p>\n<p><span style=\"font-weight: 400;\">Privatperson<\/span><\/p>\n<p><span style=\"font-weight: 400;\">alleinvertretungsberechtigt<\/span><\/p>\n<p><b>&nbsp;<\/b><\/p>\n<p><span style=\"font-weight: 400;\">alleinvertretungsberechtigt<\/span><\/p>\n<p><span style=\"font-weight: 400;\">Firma HO-TA Beteiligungs GmbH<\/span><\/p>\n<p><span style=\"font-weight: 400;\">Ges.m.b.H.<\/span><\/p>\n<p><span style=\"font-weight: 400;\">Anteil: 100,00%<\/span><\/p>\n<p><b>&nbsp;<\/b><\/p>\n<p><span style=\"font-weight: 400;\">Alle Rechte, insbesondere das Urheberrecht an allen unter www.dm-service.at ver\u00f6ffentlichten Informationen (Texte, Bilder, Dateien, usw.) liegen bei DM-Service GmbH, Magersdorf 63, 9433 St. Andr\u00e4.<\/span><\/p>\n<p><b>&nbsp;<\/b><\/p>\n<p><b>Haftungsausschluss<\/b><\/p>\n<p><span style=\"font-weight: 400;\">Die bereitgestellten Informationen auf dieser Website wurden sorgf\u00e4ltig gepr\u00fcft und werden regelm\u00e4\u00dfig aktualisiert. Jedoch kann keine Garantie daf\u00fcr \u00fcbernommen werden, dass alle Angaben zu jeder Zeit vollst\u00e4ndig, richtig und in letzter Aktualit\u00e4t dargestellt sind. Dies gilt insbesondere f\u00fcr alle Links zu anderen Websites, auf die direkt oder indirekt verwiesen wird. Alle Angaben k\u00f6nnen ohne vorherige Ank\u00fcndigung erg\u00e4nzt, entfernt oder ge\u00e4ndert werden.<\/span><\/p>\n<p><span style=\"font-weight: 400;\">Aus Gr\u00fcnden der Lesbarkeit verzichten wir darauf, konsequent die m\u00e4nnliche und weibliche Formulierung zu verwenden. Wir bitten die Besucher um Verst\u00e4ndnis.<\/span><\/p>\n<p><span style=\"font-weight: 400;\">\u00c4nderungen, Fehler und Irrt\u00fcmer vorbehalten.<\/span><\/p>\n<p><span style=\"font-weight: 400;\">F\u00fcr die Inhalte aller im Rahmen dieser Website gelinkten externen Seiten m\u00fcssen wir jegliche Verantwortung ablehnen.<\/span><\/p>\n<p><!-- \/wp:paragraph --><\/p>\t\t\t\t\t\t<\/div>\n\t\t\t\t<\/div>\n\t\t\t\t\t<\/div>\n\t\t<\/div>\n\t\t\t\t\t\t\t<\/div>\n\t\t<\/section>\n\t\t\t\t\t\t\t<\/div>","protected":false},"excerpt":{"rendered":"<p>Imprint Information obligation according to \u00a7 5 paragraph 1 E-Commerce Act and disclosure according to \u00a7 25 Media Act. Company wording operator and media owner DM Service GmbH Magersdorf 63, 9433 St. Andr\u00e4 Austria &nbsp; Tel: 04352 30533 Fax: 04352 30533-4 Email: office@dm-service.at Web: www.dm-service.at VAT number: ATU64805811 Commercial register number: FN 323995 p &nbsp; [&hellip;]<\/p>","protected":false},"author":1,"featured_media":0,"parent":0,"menu_order":0,"comment_status":"closed","ping_status":"open","template":"","meta":{"footnotes":""},"class_list":["post-995","page","type-page","status-publish","hentry"],"_links":{"self":[{"href":"https:\/\/dm-service.at\/de\/wp-json\/wp\/v2\/pages\/995","targetHints":{"allow":["GET"]}}],"collection":[{"href":"https:\/\/dm-service.at\/de\/wp-json\/wp\/v2\/pages"}],"about":[{"href":"https:\/\/dm-service.at\/de\/wp-json\/wp\/v2\/types\/page"}],"author":[{"embeddable":true,"href":"https:\/\/dm-service.at\/de\/wp-json\/wp\/v2\/users\/1"}],"replies":[{"embeddable":true,"href":"https:\/\/dm-service.at\/de\/wp-json\/wp\/v2\/comments?post=995"}],"version-history":[{"count":10,"href":"https:\/\/dm-service.at\/de\/wp-json\/wp\/v2\/pages\/995\/revisions"}],"predecessor-version":[{"id":1007,"href":"https:\/\/dm-service.at\/de\/wp-json\/wp\/v2\/pages\/995\/revisions\/1007"}],"wp:attachment":[{"href":"https:\/\/dm-service.at\/de\/wp-json\/wp\/v2\/media?parent=995"}],"curies":[{"name":"wp","href":"https:\/\/api.w.org\/{rel}","templated":true}]}}